{"id":765,"date":"2017-07-27T12:19:49","date_gmt":"2017-07-27T10:19:49","guid":{"rendered":"http:\/\/ostrzyzek.pl\/?page_id=765"},"modified":"2026-04-12T08:57:53","modified_gmt":"2026-04-12T06:57:53","slug":"765-2","status":"publish","type":"page","link":"https:\/\/ostrzyzek.pl\/","title":{"rendered":""},"content":{"rendered":"\n<h3 class=\"wp-block-heading has-text-align-center\">Radca Prawny Przemys\u0142aw Ostrzy\u017cek<\/h3>\n\n\n\n<div class=\"wp-block-media-text alignwide is-stacked-on-mobile\" style=\"grid-template-columns:21% auto\"><figure class=\"wp-block-media-text__media\"><img data-recalc-dims=\"1\" loading=\"lazy\" decoding=\"async\" width=\"920\" height=\"1233\" data-attachment-id=\"17036\" data-permalink=\"https:\/\/ostrzyzek.pl\/?attachment_id=17036\" data-orig-file=\"https:\/\/i0.wp.com\/ostrzyzek.pl\/wp-content\/uploads\/2025\/06\/Biale2-na-www-s2.jpg?fit=1080%2C1447&amp;ssl=1\" data-orig-size=\"1080,1447\" data-comments-opened=\"0\" data-image-meta=\"{&quot;aperture&quot;:&quot;0&quot;,&quot;credit&quot;:&quot;&quot;,&quot;camera&quot;:&quot;&quot;,&quot;caption&quot;:&quot;&quot;,&quot;created_timestamp&quot;:&quot;0&quot;,&quot;copyright&quot;:&quot;&quot;,&quot;focal_length&quot;:&quot;0&quot;,&quot;iso&quot;:&quot;0&quot;,&quot;shutter_speed&quot;:&quot;0&quot;,&quot;title&quot;:&quot;&quot;,&quot;orientation&quot;:&quot;0&quot;}\" data-image-title=\"Bia\u0142e2 na www s2\" data-image-description=\"\" data-image-caption=\"\" data-large-file=\"https:\/\/i0.wp.com\/ostrzyzek.pl\/wp-content\/uploads\/2025\/06\/Biale2-na-www-s2.jpg?fit=920%2C1233&amp;ssl=1\" src=\"https:\/\/i0.wp.com\/ostrzyzek.pl\/wp-content\/uploads\/2025\/06\/Biale2-na-www-s2.jpg?resize=920%2C1233&#038;ssl=1\" alt=\"\" class=\"wp-image-17036 size-full\" srcset=\"https:\/\/i0.wp.com\/ostrzyzek.pl\/wp-content\/uploads\/2025\/06\/Biale2-na-www-s2.jpg?w=1080&amp;ssl=1 1080w, https:\/\/i0.wp.com\/ostrzyzek.pl\/wp-content\/uploads\/2025\/06\/Biale2-na-www-s2.jpg?resize=299%2C400&amp;ssl=1 299w, https:\/\/i0.wp.com\/ostrzyzek.pl\/wp-content\/uploads\/2025\/06\/Biale2-na-www-s2.jpg?resize=768%2C1029&amp;ssl=1 768w, https:\/\/i0.wp.com\/ostrzyzek.pl\/wp-content\/uploads\/2025\/06\/Biale2-na-www-s2.jpg?resize=600%2C804&amp;ssl=1 600w\" sizes=\"auto, (max-width: 920px) 100vw, 920px\" \/><\/figure><div class=\"wp-block-media-text__content\">\n<p><\/p>\n\n\n\n<p><\/p>\n\n\n\n<p><\/p>\n\n\n\n<h4 class=\"wp-block-heading has-text-color has-link-color wp-elements-cf89d45972864c3d5b700ad4dd038592\" style=\"color:#00379d\">SPECJALIZACJE :<\/h4>\n\n\n\n<ul class=\"wp-block-list\">\n<li class=\"has-black-color has-text-color has-link-color wp-elements-bec90e7a1f16e9ca34f7584a33bb0029\" style=\"font-size:21px\"><strong>prawo spadkowe<\/strong><\/li>\n\n\n\n<li class=\"has-black-color has-text-color has-link-color wp-elements-dd24280e61a8c6fde5c663757a1e2b73\" style=\"font-size:21px\"><strong>prawo nieruchomo\u015bci<\/strong><\/li>\n<\/ul>\n\n\n\n<p><\/p>\n\n\n\n<p><\/p>\n\n\n\n<p><\/p>\n<\/div><\/div>\n\n\n\n<p style=\"font-size:20px\"><\/p>\n\n\n\n<blockquote class=\"wp-block-quote has-text-align-center is-layout-flow wp-block-quote-is-layout-flow\">\n<h5 class=\"wp-block-heading has-text-align-left has-text-color has-link-color wp-elements-5b351e137479a7e36c8be8aa917f0078\" style=\"color:#00379d\">30 lat do\u015bwiadczenia w sprawach s\u0105dowych. Specjalista prawa spadkowego i prawa nieruchomo\u015bci. Wieloletni prawnik biznesowy w Mincer Pharma, Jannel Company Polska oraz ARDO S.A. z grupy kapita\u0142owej Antonio Merloni S.p.a.<\/h5>\n<\/blockquote>\n\n\n\n<div class=\"wp-block-buttons is-layout-flex wp-block-buttons-is-layout-flex\"><\/div>\n\n\n\n<h5 class=\"wp-block-heading alignwide\">Obs\u0142uga klient\u00f3w z ca\u0142ej Polski.<\/h5>\n\n\n\n<h4 class=\"wp-block-heading alignwide\">Tel. 794 421 100<\/h4>\n\n\n\n<h5 class=\"wp-block-heading alignwide\">Email: przemyslaw@ostrzyzek.pl<\/h5>\n\n\n\n<h4 class=\"wp-block-heading alignwide has-text-align-center has-text-color has-link-color wp-elements-c86fea073072b2f870cef7b62948ef61\" style=\"color:#00379d\">KONSULTACJE<\/h4>\n\n\n\n<h5 class=\"wp-block-heading alignwide\">Konsultacje zdalne &#8211; do wyboru wideo-spotkanie w aplikacji WhatsApp, GoogleMeet, pisemnie drog\u0105 email lub telefonicznie.<\/h5>\n\n\n\n<h5 class=\"wp-block-heading alignwide\">W Warszawie dojazd do senior\u00f3w oraz os\u00f3b z ograniczon\u0105 mo\u017cliwo\u015bci\u0105 poruszania si\u0119. W sprawach dotycz\u0105cych przedsi\u0119biorc\u00f3w konsultacje mog\u0105 by\u0107&nbsp;w siedzibie przedsi\u0119biorcy.<\/h5>\n\n\n\n<h5 class=\"wp-block-heading alignwide has-text-color has-link-color wp-elements-0107a87c90845b6e84f37252a46781b1\" style=\"color:#00379d\">Aby um\u00f3wi\u0107 konsultacj\u0119 prosz\u0119 wys\u0142a\u0107 wiadomo\u015b\u0107 email. Przeci\u0119tny koszt konsultacji: 480 z\u0142. Konsultacje dotycz\u0105ce spraw sukcesji przedsi\u0119biorc\u00f3w s\u0105 wst\u0119pnie wyceniane.<\/h5>\n\n\n\n<div class=\"wp-block-media-text has-media-on-the-right is-stacked-on-mobile\" style=\"grid-template-columns:auto 33%\"><div class=\"wp-block-media-text__content\">\n<p><\/p>\n\n\n\n<h4 class=\"wp-block-heading has-text-color has-link-color wp-elements-02f3b9086c2634bd4aea9bf1536177d8\" style=\"color:#00379d\">Dost\u0119pno\u015b\u0107:<\/h4>\n\n\n\n<ul class=\"wp-block-list\">\n<li class=\"has-black-color has-text-color has-link-color wp-elements-7c509db08f46d61e1a73318654e00ac1\" style=\"font-size:19px\"><strong>dni robocze 9.00 &#8211; 19.00<\/strong><\/li>\n\n\n\n<li class=\"has-black-color has-text-color has-link-color wp-elements-17e1e09e9afc37f4938da610d3611c41\" style=\"font-size:19px\"><strong>sobota 9.00 &#8211; 13.00 <\/strong><\/li>\n<\/ul>\n\n\n\n<h5 class=\"wp-block-heading\"> Tel. 794 421 100<\/h5>\n\n\n\n<h5 class=\"wp-block-heading\">Email: przemyslaw@ostrzyzek.pl<\/h5>\n<\/div><figure class=\"wp-block-media-text__media\"><img data-recalc-dims=\"1\" loading=\"lazy\" decoding=\"async\" width=\"920\" height=\"1696\" data-attachment-id=\"16928\" data-permalink=\"https:\/\/ostrzyzek.pl\/?attachment_id=16928\" data-orig-file=\"https:\/\/i0.wp.com\/ostrzyzek.pl\/wp-content\/uploads\/2025\/06\/Na-strone-www-2.jpg?fit=1016%2C1873&amp;ssl=1\" data-orig-size=\"1016,1873\" data-comments-opened=\"0\" data-image-meta=\"{&quot;aperture&quot;:&quot;0&quot;,&quot;credit&quot;:&quot;&quot;,&quot;camera&quot;:&quot;&quot;,&quot;caption&quot;:&quot;&quot;,&quot;created_timestamp&quot;:&quot;0&quot;,&quot;copyright&quot;:&quot;&quot;,&quot;focal_length&quot;:&quot;0&quot;,&quot;iso&quot;:&quot;0&quot;,&quot;shutter_speed&quot;:&quot;0&quot;,&quot;title&quot;:&quot;&quot;,&quot;orientation&quot;:&quot;0&quot;}\" data-image-title=\"Na stron\u0119 www 2\" data-image-description=\"\" data-image-caption=\"\" data-large-file=\"https:\/\/i0.wp.com\/ostrzyzek.pl\/wp-content\/uploads\/2025\/06\/Na-strone-www-2.jpg?fit=920%2C1696&amp;ssl=1\" src=\"https:\/\/i0.wp.com\/ostrzyzek.pl\/wp-content\/uploads\/2025\/06\/Na-strone-www-2.jpg?resize=920%2C1696&#038;ssl=1\" alt=\"\" class=\"wp-image-16928 size-full\" srcset=\"https:\/\/i0.wp.com\/ostrzyzek.pl\/wp-content\/uploads\/2025\/06\/Na-strone-www-2.jpg?w=1016&amp;ssl=1 1016w, https:\/\/i0.wp.com\/ostrzyzek.pl\/wp-content\/uploads\/2025\/06\/Na-strone-www-2.jpg?resize=895%2C1650&amp;ssl=1 895w, https:\/\/i0.wp.com\/ostrzyzek.pl\/wp-content\/uploads\/2025\/06\/Na-strone-www-2.jpg?resize=217%2C400&amp;ssl=1 217w, https:\/\/i0.wp.com\/ostrzyzek.pl\/wp-content\/uploads\/2025\/06\/Na-strone-www-2.jpg?resize=768%2C1416&amp;ssl=1 768w, https:\/\/i0.wp.com\/ostrzyzek.pl\/wp-content\/uploads\/2025\/06\/Na-strone-www-2.jpg?resize=833%2C1536&amp;ssl=1 833w, https:\/\/i0.wp.com\/ostrzyzek.pl\/wp-content\/uploads\/2025\/06\/Na-strone-www-2.jpg?resize=600%2C1106&amp;ssl=1 600w\" sizes=\"auto, (max-width: 920px) 100vw, 920px\" \/><\/figure><\/div>\n\n\n\n<h4 class=\"wp-block-heading alignwide has-text-align-center has-text-color has-link-color wp-elements-85f04853477b3b58381053e5a2864041\" style=\"color:#00379d\"><\/h4>\n\n\n\n<h5 class=\"wp-block-heading alignwide has-text-color has-link-color wp-elements-d321a2145b69628172d65465339a152e\" style=\"color:#00379d\">PRAWO SPADKOWE<\/h5>\n\n\n\n<ul class=\"wp-block-list\">\n<li class=\"has-black-color has-text-color has-link-color wp-elements-9763702dd8dfecd646d78b436e4238dd\" style=\"font-size:19px\"><strong>planowanie sukcesji<\/strong><\/li>\n\n\n\n<li class=\"has-black-color has-text-color has-link-color wp-elements-c3545352ee27292447563b54b8017bb5\" style=\"font-size:19px\"><strong>rozliczenia mi\u0119dzy spadkobiercami<\/strong><\/li>\n\n\n\n<li class=\"has-black-color has-text-color has-link-color wp-elements-deb3753d88f6f63bd13bdc4489904d9e\" style=\"font-size:19px\"><strong>zachowek<\/strong><\/li>\n\n\n\n<li class=\"has-black-color has-text-color has-link-color wp-elements-e099f1a14eb2f9d4002c8025d2c07d75\" style=\"font-size:19px\"><strong>dzia\u0142 spadku<\/strong><\/li>\n\n\n\n<li class=\"has-black-color has-text-color has-link-color wp-elements-bbf6961f5df2a49256e922a0a92842c5\" style=\"font-size:19px\"><strong>nieruchomo\u015b\u0107 w spadku<\/strong><\/li>\n\n\n\n<li class=\"has-black-color has-text-color has-link-color wp-elements-ca010e8a50f0e5be89b942cecd4ed6ec\" style=\"font-size:19px\"><strong>rozliczanie nak\u0142ad\u00f3w<\/strong> <strong>na mas\u0119 spadkow\u0105<\/strong><\/li>\n\n\n\n<li class=\"has-black-color has-text-color has-link-color wp-elements-6925e8a7ceef609a197f2fb74942145f\" style=\"font-size:19px\"><strong>przedsi\u0119biorstwo w spadku<\/strong><\/li>\n\n\n\n<li class=\"has-black-color has-text-color has-link-color wp-elements-3dbff24e4b53278365b8a7316450a1e7\" style=\"font-size:19px\"><strong>zarz\u0105d sukcesyjny przedsi\u0119biorstwem w spadku <\/strong><\/li>\n\n\n\n<li class=\"has-black-color has-text-color has-link-color wp-elements-1190a095a80c121753fd7ff55082d02b\" style=\"font-size:19px\"><strong>d\u0142ugi spadkowe<\/strong><\/li>\n\n\n\n<li class=\"has-black-color has-text-color has-link-color wp-elements-077ad7a9e550fce2f59664556a28c1e2\" style=\"font-size:19px\"><strong>wykazy i spisy inwentarza spadku <\/strong><\/li>\n\n\n\n<li class=\"has-black-color has-text-color has-link-color wp-elements-30c08757e7f59e03361533b8e0e20d32\" style=\"font-size:19px\"><strong>zapisy testamentowe<\/strong> <strong>zwyk\u0142e<\/strong><\/li>\n\n\n\n<li class=\"has-black-color has-text-color has-link-color wp-elements-4951da6d5eb565c0745667f52f41f7db\" style=\"font-size:19px\"><strong>zapisy windykacyjne<\/strong><\/li>\n\n\n\n<li class=\"has-black-color has-text-color has-link-color wp-elements-2a5e7c528fdbe956a4a13c397b9568cb\" style=\"font-size:19px\"><strong>wa\u017cno\u015b\u0107 testamentu<\/strong><\/li>\n\n\n\n<li class=\"has-black-color has-text-color has-link-color wp-elements-9c775c57441fdbf088c17b9ea941600c\" style=\"font-size:19px\"><strong>wa\u017cno\u015b\u0107 wydziedziczenia<\/strong><\/li>\n\n\n\n<li class=\"has-black-color has-text-color has-link-color wp-elements-b783edf071fda3b59bfad6fe5761c203\" style=\"font-size:19px\"><strong>post\u0119powanie o ustalenie kr\u0119gu spadkobierc\u00f3w<\/strong><\/li>\n\n\n\n<li class=\"has-black-color has-text-color has-link-color wp-elements-9803976dc5742aa2b41a4fa4836a6cc5\" style=\"font-size:19px\"><strong>uchylanie akt\u00f3w po\u015bwiadczenia dziedziczenia<\/strong><\/li>\n\n\n\n<li class=\"has-black-color has-text-color has-link-color wp-elements-2525f7107de22a0dbae8d18293a6a080\" style=\"font-size:19px\"><strong>sprawy o ustalenie niegodno\u015bci dziedziczenia<\/strong><\/li>\n\n\n\n<li class=\"has-black-color has-text-color has-link-color wp-elements-e1b4649ef2fb9fb6926a4a631c4d9ca1\" style=\"font-size:19px\"><strong>pomoc w szacowaniu pasyw\u00f3w spadku<\/strong><\/li>\n\n\n\n<li class=\"has-black-color has-text-color has-link-color wp-elements-be56bd6d017f17cef63fbac81dca59af\" style=\"font-size:19px\"><strong>wykonawca testamentu<\/strong><\/li>\n\n\n\n<li class=\"has-black-color has-text-color has-link-color wp-elements-98823aa823487e645aa02181e967a5b6\" style=\"font-size:19px\"><strong>dochodzenie roszcze\u0144 maj\u0105tkowych przeciwko d\u0142u\u017cnikom spadku<\/strong><\/li>\n\n\n\n<li class=\"has-black-color has-text-color has-link-color wp-elements-98dd3f1b3154c4017198dd84babf1980\" style=\"font-size:19px\"><strong>przygotowywanie dokumentacji do sprawy s\u0105dowej<\/strong><\/li>\n\n\n\n<li class=\"has-black-color has-text-color has-link-color wp-elements-412111540068f05f3780630efa060842\" style=\"font-size:19px\"><strong>prowadzenie spraw s\u0105dowych<\/strong><\/li>\n\n\n\n<li class=\"has-black-color has-text-color has-link-color wp-elements-89e68064f5a612febe7f467d95983e48\" style=\"font-size:19px\"><strong>pomoc w przygotowaniu pism s\u0105dowych do samodzielnego prowadzenia<\/strong> <strong>sprawy<\/strong><\/li>\n<\/ul>\n\n\n\n<h5 class=\"wp-block-heading alignwide has-text-color has-link-color wp-elements-9194e617b7ce6af6ea20ec0b1e6192e0\" style=\"color:#00379d\">PRAWO NIERUCHOMO\u015aCI<\/h5>\n\n\n\n<ul class=\"wp-block-list\">\n<li class=\"has-black-color has-text-color has-link-color wp-elements-832d7473fe2993e6abd4623b536b0fd0\" style=\"font-size:19px\"><strong>podzia\u0142 nieruchomo\u015bci<\/strong><\/li>\n\n\n\n<li class=\"has-black-color has-text-color has-link-color wp-elements-90e61c72cb4a367efecbc716ed5038e2\" style=\"font-size:19px\"><strong>wsp\u00f3\u0142w\u0142asno\u015b\u0107<\/strong><\/li>\n\n\n\n<li class=\"has-black-color has-text-color has-link-color wp-elements-3d09b39b5ff56de4ae2e3b2ff518694f\" style=\"font-size:19px\"><strong>rozliczenia mi\u0119dzy wsp\u00f3\u0142w\u0142a\u015bcicielami<\/strong><\/li>\n\n\n\n<li class=\"has-black-color has-text-color has-link-color wp-elements-a1028a530590ab432b531a10c653f268\" style=\"font-size:19px\"><strong>zniesienie wsp\u00f3\u0142w\u0142asno\u015bci<\/strong> <strong>i podzia\u0142<\/strong><\/li>\n\n\n\n<li class=\"has-black-color has-text-color has-link-color wp-elements-e61b82f56c2998e139e281b6b57bb807\" style=\"font-size:19px\"><strong>rozliczenia nak\u0142ad\u00f3w na nieruchomo\u015b\u0107<\/strong><\/li>\n\n\n\n<li class=\"has-black-color has-text-color has-link-color wp-elements-5d9aa33b6f5caae78bbb64ee59dfb31c\" style=\"font-size:19px\"><strong>spory graniczne<\/strong><\/li>\n\n\n\n<li class=\"has-black-color has-text-color has-link-color wp-elements-bd3ac3a99b543ac224ba8ae96091eae6\" style=\"font-size:19px\"><strong>nabycie w\u0142asno\u015bci przez zasiedzenie <\/strong><\/li>\n\n\n\n<li class=\"has-black-color has-text-color has-link-color wp-elements-35f1d27f737c3f43a6bedcc1678ed813\" style=\"font-size:19px\"><strong>s\u0142u\u017cebno\u015bci<\/strong><\/li>\n\n\n\n<li class=\"has-black-color has-text-color has-link-color wp-elements-d0ba035fd9b4d264f77ffedf893ba7f4\" style=\"font-size:19px\"><strong>najem i rozliczenia <\/strong><\/li>\n\n\n\n<li class=\"has-black-color has-text-color has-link-color wp-elements-d21cceab85678abe18af03bf17d41de3\" style=\"font-size:19px\"><strong>rozliczenia nak\u0142ad\u00f3w w najmie<\/strong><\/li>\n\n\n\n<li class=\"has-black-color has-text-color has-link-color wp-elements-d3ee6e612b38f1dd5499213cf39ab080\" style=\"font-size:19px\"><strong>r\u0119kojmia za wady fizyczne<\/strong><\/li>\n\n\n\n<li class=\"has-black-color has-text-color has-link-color wp-elements-a00c3b8528c354eb75523ace5e6551d5\" style=\"font-size:19px\"><strong>prowadzenie spraw s\u0105dowych <\/strong><\/li>\n\n\n\n<li class=\"has-black-color has-text-color has-link-color wp-elements-53cbd10047094f41d5c2db6f01b57a5d\" style=\"font-size:19px\"><strong>pomoc w przygotowaniu pism s\u0105dowych do samodzielnego prowadzenia sprawy<\/strong><\/li>\n<\/ul>\n\n\n\n<h5 class=\"wp-block-heading alignwide has-text-color has-link-color wp-elements-4ffe57950307de581282190a4fe3073b\" style=\"color:#00379d\">SPRAWY S\u0104DOWE<\/h5>\n\n\n\n<ul class=\"wp-block-list\">\n<li class=\"has-black-color has-text-color has-link-color wp-elements-91080fcaa41b80107380fbbec76324aa\" style=\"font-size:19px\"><strong>reprezentacja przed s\u0105dami wszystkich instancji oraz przed S\u0105dem Najwy\u017cszym<\/strong><\/li>\n\n\n\n<li class=\"has-black-color has-text-color has-link-color wp-elements-cf3726fc5c41569929bf5d59ba6e0c6b\" style=\"font-size:19px\"><strong>opracowanie strategii procesowej<\/strong><\/li>\n\n\n\n<li class=\"has-black-color has-text-color has-link-color wp-elements-8e92cd3575067f3bb836bf2aab8fc5be\" style=\"font-size:19px\"><strong>przygotowanie do rozprawy<\/strong><\/li>\n\n\n\n<li class=\"has-black-color has-text-color has-link-color wp-elements-1f8f2591f0d7248ec272112c13d7aef6\" style=\"font-size:19px\"><strong>ustalanie \u015brodk\u00f3w dowodowych<\/strong><\/li>\n\n\n\n<li class=\"has-black-color has-text-color has-link-color wp-elements-1434069e4bcd6f77520572bcd6a2b361\" style=\"font-size:19px\"><strong>przygotowanie strony do zezna\u0144<\/strong><\/li>\n\n\n\n<li class=\"has-black-color has-text-color has-link-color wp-elements-8697a1aeb71b3ce73424c4c060feceeb\" style=\"font-size:19px\"><strong>negocjacje przeds\u0105dowe i mediacje<\/strong><\/li>\n\n\n\n<li class=\"has-black-color has-text-color has-link-color wp-elements-2a01a0114e8bd819ddf48d333eb5f865\" style=\"font-size:19px\"><strong>negocjacje w toku sprawy<\/strong><\/li>\n\n\n\n<li class=\"has-black-color has-text-color has-link-color wp-elements-111f964c02f3eb0a95ec12e2b703e61b\" style=\"font-size:19px\"><strong>badanie zarzut\u00f3w procesowych<\/strong><\/li>\n\n\n\n<li class=\"has-black-color has-text-color has-link-color wp-elements-34bf225a3ff7d815fc590d1fd02408b9\" style=\"font-size:19px\"><strong>badanie przedawnienia<\/strong><\/li>\n\n\n\n<li class=\"has-black-color has-text-color has-link-color wp-elements-a2b32f0621dff0e33743e7735f399aa9\" style=\"font-size:19px\"><strong>weryfikacja zasadno\u015bci roszcze\u0144<\/strong><\/li>\n\n\n\n<li class=\"has-black-color has-text-color has-link-color wp-elements-bddde2086f81c8aa2308ede19577b641\" style=\"font-size:19px\"><strong>badanie skuteczno\u015bci zarzut\u00f3w lub obrony w kontek\u015bcie niewa\u017cno\u015bci umowy, nadzwyczajnej zmiany stosunk\u00f3w, potr\u0105cenia<\/strong><\/li>\n\n\n\n<li class=\"has-black-color has-text-color has-link-color wp-elements-f42b9a12cc31304fc883dbbb94bdf69f\" style=\"font-size:19px\"><strong>ocena skutk\u00f3w prawnych b\u0142\u0119du <\/strong><\/li>\n\n\n\n<li class=\"has-black-color has-text-color has-link-color wp-elements-cb920b63042db03eb18ec892c978c6ed\" style=\"font-size:19px\"><strong>przygotowywanie pozw\u00f3w, wniosk\u00f3w, za\u017cale\u0144, skarg, apelacji i kasacji <\/strong><\/li>\n\n\n\n<li class=\"has-black-color has-text-color has-link-color wp-elements-98c399b292c57bfbc0bc4ddfb9dfec5f\" style=\"font-size:19px\"><strong>pomoc w<\/strong> <strong>przygotowaniu pism s\u0105dowych do samodzielnego prowadzenia sprawy<br><\/strong><\/li>\n<\/ul>\n\n\n\n<h4 class=\"wp-block-heading alignwide has-text-align-center has-text-color has-link-color wp-elements-7d9c7763e0a6f59ee9574a164ce05650\" style=\"color:#00379d\"><\/h4>\n\n\n\n<div class=\"wp-block-buttons is-layout-flex wp-block-buttons-is-layout-flex\"><\/div>\n\n\n\n<h6 class=\"wp-block-heading has-text-align-center has-text-color has-link-color wp-elements-ef3e0f24f60b08496a40ac4a7d6dc258\" id=\"ostrzyzek-pl\" style=\"color:#00379d\">OSTRZYZEK.PL<\/h6>\n\n\n\n<p class=\"has-black-color has-text-color has-link-color wp-elements-34d02b32e4a292d9c75e80f7db90b3c0\" style=\"font-size:17px\">Radca Prawny Przemys\u0142aw Ostrzy\u017cek wpisany na list\u0119 radc\u00f3w prawnych Okr\u0119gowej Izby Radc\u00f3w Prawnych w Warszawie pod nr WA-3762, NIP 5220017933, REGON 012586870. Adres prawny: 03-924 Warszawa ul. Niek\u0142a\u0144ska 35 lok.1. Email: przemyslaw@ostrzyzek.pl tel. 794 421 100. Numer konta bankowego dla wp\u0142at za konsultacje: 27 1050 1041 1000 0022 6990 3759. Numer konta bankowego dla wp\u0142at przez przedsi\u0119biorc\u00f3w obj\u0119tych KSeF: 70 1050 1041 1000 0005 0376 4912.<\/p>\n\n\n\n<p><\/p>\n","protected":false},"excerpt":{"rendered":"<p>Radca Prawny Przemys\u0142aw Ostrzy\u017cek 30 lat do\u015bwiadczenia w sprawach s\u0105dowych.<\/p>\n<p class=\"more-link\"><a href=\"https:\/\/ostrzyzek.pl\/\" class=\"readmore\">Czytaj dalej<svg class=\"icon icon-angle-right\" aria-hidden=\"true\" role=\"img\"> <use href=\"#icon-angle-right\" xlink:href=\"#icon-angle-right\"><\/use> <\/svg><span class=\"screen-reader-text\"><\/span><\/a><\/p>\n","protected":false},"author":1,"featured_media":0,"parent":0,"menu_order":0,"comment_status":"closed","ping_status":"closed","template":"","meta":{"jetpack_post_was_ever_published":false,"footnotes":""},"class_list":["post-765","page","type-page","status-publish","hentry"],"jetpack_sharing_enabled":false,"jetpack_shortlink":"https:\/\/wp.me\/P808rT-cl","jetpack-related-posts":[],"_links":{"self":[{"href":"https:\/\/ostrzyzek.pl\/index.php?rest_route=\/wp\/v2\/pages\/765","targetHints":{"allow":["GET"]}}],"collection":[{"href":"https:\/\/ostrzyzek.pl\/index.php?rest_route=\/wp\/v2\/pages"}],"about":[{"href":"https:\/\/ostrzyzek.pl\/index.php?rest_route=\/wp\/v2\/types\/page"}],"author":[{"embeddable":true,"href":"https:\/\/ostrzyzek.pl\/index.php?rest_route=\/wp\/v2\/users\/1"}],"replies":[{"embeddable":true,"href":"https:\/\/ostrzyzek.pl\/index.php?rest_route=%2Fwp%2Fv2%2Fcomments&post=765"}],"version-history":[{"count":3127,"href":"https:\/\/ostrzyzek.pl\/index.php?rest_route=\/wp\/v2\/pages\/765\/revisions"}],"predecessor-version":[{"id":17523,"href":"https:\/\/ostrzyzek.pl\/index.php?rest_route=\/wp\/v2\/pages\/765\/revisions\/17523"}],"wp:attachment":[{"href":"https:\/\/ostrzyzek.pl\/index.php?rest_route=%2Fwp%2Fv2%2Fmedia&parent=765"}],"curies":[{"name":"wp","href":"https:\/\/api.w.org\/{rel}","templated":true}]}}